{"id":988501,"date":"2025-09-17T22:22:59","date_gmt":"2025-09-17T22:22:59","guid":{"rendered":"https:\/\/liftul.ro\/?page_id=988501"},"modified":"2025-09-30T19:13:48","modified_gmt":"2025-09-30T19:13:48","slug":"homelifts-sisteme-lifturi-rezidentiale-pentru-casa","status":"publish","type":"page","link":"https:\/\/liftul.ro\/en\/homelifts-sisteme-lifturi-rezidentiale-pentru-casa\/","title":{"rendered":"Homelifts\/Sisteme lifturi rezidentiale\/pentru casa"},"content":{"rendered":"<div class=\"vgblk-rw-wrapper limit-wrapper\">\n<h2>\n\tHomelifts <br \/> <strong>confort \u0219i accesibilitate la tine acas\u0103.<\/strong>\n\t<\/h2>\n\tLifturile reziden\u021biale sunt solu\u021bia ideal\u0103 pentru locuin\u021be moderne, oferind at\u00e2t confort, c\u00e2t \u0219i siguran\u021b\u0103 pentru to\u021bi membrii familiei. Concepute pentru spa\u021bii private, aceste sisteme faciliteaz\u0103 accesul \u00eentre etaje \u0219i aduc un plus de valoare locuin\u021bei prin designul lor elegant \u0219i adaptabil.\nHomelifturile pot fi personalizate \u00een func\u021bie de dimensiuni, finisaje \u0219i caracteristici tehnice, integr\u00e2ndu-se perfect \u00een arhitectura casei. Fiabile \u0219i silen\u021bioase, acestea asigur\u0103 un nivel ridicat de confort zilnic, fiind potrivite at\u00e2t pentru familii, c\u00e2t \u0219i pentru persoane \u00een v\u00e2rst\u0103 sau cu mobilitate redus\u0103.\n\t<a href=\"\/en\/contact\/\" target=\"_self\" role=\"button\" rel=\"noopener\">\n\t\t\t\t\tContact us\n\t<\/a>\n<h2>\n\tSisteme lifturi reziden\u021biale <br \/><strong>pentru cas\u0103<\/strong>\n\t<\/h2>\n\tSistemele de lifturi reziden\u021biale reprezint\u0103 o combina\u021bie \u00eentre func\u021bionalitate \u0219i estetic\u0103, oferind o modalitate practic\u0103 de a conecta diferite niveluri ale locuin\u021bei. Acestea sunt proiectate pentru a ocupa un spa\u021biu redus, necesit\u00e2nd lucr\u0103ri minime de construc\u021bie \u0219i av\u00e2nd un consum de energie sc\u0103zut.\nDisponibile \u00een variante electrice sau hidraulice, lifturile pentru cas\u0103 se disting prin siguran\u021b\u0103, eficien\u021b\u0103 \u0219i un design adaptabil stilului de via\u021b\u0103 modern. Ele contribuie la cre\u0219terea calit\u0103\u021bii vie\u021bii \u0219i transform\u0103 locuin\u021ba \u00eentr-un spa\u021biu mai confortabil, accesibil \u0219i valoros.\n\t<h5 data-start=\"863\" data-end=\"1168\">Pentru mai multe detalii<\/h5>\n\t<a href=\"https:\/\/liftul.ro\/en\/download\/988544\/?tmstv=1758286958\" target=\"_self\" role=\"button\" rel=\"noopener\">\n\t\t\t\t\tVezi bro\u0219ura\n\t<\/a>\n<h2>\n\tContact us <b>acum<\/b>\n\t<\/h2>\n\t<p>We are here for you!<\/p>\n\t<a href=\"\/en\/contact\/\" target=\"_self\" role=\"button\" rel=\"noopener\">\n\t\t\t\t\tContact us\n\t<\/a>\n\t<h2>Request<br \/>\n<strong>a quote<\/strong><\/h2>\n<h4>\n\t+40 771 219 126\n\t<\/h4>\n\t<p>Call now!<\/p>\n<h4>\n\tdaniel.dumitrescu@liftul.ro\n\t<\/h4>\n\t<p>Write to us now!<\/p>\n<h4>\n\tWorking hours\n\t<\/h4>\n\t<p>Luni &#8211; Vineri: 8:00 &#8211; 18:00<\/p>\n<h4>\n\tLocation\n\t<\/h4>\n\t<p><a href=\"https:\/\/maps.app.goo.gl\/pVBNN7AFUeKxPtWp8\" target=\"_blank\" rel=\"noopener\">Bd Nicolae Grigorescu 110<\/a><\/p>\n\tNotice: JavaScript is required for this content.\n        <!-- That data is being printed as a workaround to page builders reordering the order of the scripts loaded-->\n        \n<\/div><!-- .vgblk-rw-wrapper -->","protected":false},"excerpt":{"rendered":"<p>Homelifts confort \u0219i accesibilitate la tine acas\u0103. Lifturile reziden\u021biale sunt solu\u021bia ideal\u0103 pentru locuin\u021be moderne, oferind at\u00e2t confort, c\u00e2t \u0219i siguran\u021b\u0103 pentru to\u021bi membrii familiei. Concepute pentru spa\u021bii private, aceste sisteme faciliteaz\u0103 accesul \u00eentre etaje \u0219i aduc un plus de valoare locuin\u021bei prin designul lor elegant \u0219i adaptabil. Homelifturile pot fi personalizate \u00een func\u021bie de&#8230;<\/p>","protected":false},"author":1,"featured_media":0,"parent":0,"menu_order":0,"comment_status":"closed","ping_status":"closed","template":"","meta":{"inline_featured_image":false,"footnotes":""},"yoast_head":"<!-- This site is optimized with the Yoast SEO plugin v23.5 - https:\/\/yoast.com\/wordpress\/plugins\/seo\/ -->\n<title>Sistem de ridicare pentru persoane cu handicap locomotor - Premium Lift Distribution<\/title>\n<meta name=\"description\" content=\"Oferim sistem de ridicare pentru persoane cu handicap locomotor. Asiguram instalare si mentenanta pentru aceste sisteme!\" \/>\n<meta name=\"robots\" content=\"index, follow, max-snippet:-1, max-image-preview:large, max-video-preview:-1\" \/>\n<link rel=\"canonical\" href=\"https:\/\/liftul.ro\/en\/sisteme-pentru-persoane-cu-dizabilitati\/\" \/>\n<meta property=\"og:locale\" content=\"en_US\" \/>\n<meta property=\"og:type\" content=\"article\" \/>\n<meta property=\"og:title\" content=\"Sistem de ridicare pentru persoane cu handicap locomotor - Premium Lift Distribution\" \/>\n<meta property=\"og:description\" content=\"Oferim sistem de ridicare pentru persoane cu handicap locomotor. Asiguram instalare si mentenanta pentru aceste sisteme!\" \/>\n<meta property=\"og:url\" content=\"https:\/\/liftul.ro\/en\/sisteme-pentru-persoane-cu-dizabilitati\/\" \/>\n<meta property=\"og:site_name\" content=\"Premium Lift Distribution\" \/>\n<meta property=\"article:modified_time\" content=\"2025-09-30T19:13:48+00:00\" \/>\n<meta name=\"twitter:card\" content=\"summary_large_image\" \/>\n<meta name=\"twitter:label1\" content=\"Est. reading time\" \/>\n\t<meta name=\"twitter:data1\" content=\"2 minutes\" \/>\n<!-- \/ Yoast SEO plugin. -->","yoast_head_json":{"title":"Sistem de ridicare pentru persoane cu handicap locomotor - Premium Lift Distribution","description":"Oferim sistem de ridicare pentru persoane cu handicap locomotor. Asiguram instalare si mentenanta pentru aceste sisteme!","robots":{"index":"index","follow":"follow","max-snippet":"max-snippet:-1","max-image-preview":"max-image-preview:large","max-video-preview":"max-video-preview:-1"},"canonical":"https:\/\/liftul.ro\/en\/sisteme-pentru-persoane-cu-dizabilitati\/","og_locale":"en_US","og_type":"article","og_title":"Sistem de ridicare pentru persoane cu handicap locomotor - Premium Lift Distribution","og_description":"Oferim sistem de ridicare pentru persoane cu handicap locomotor. Asiguram instalare si mentenanta pentru aceste sisteme!","og_url":"https:\/\/liftul.ro\/en\/sisteme-pentru-persoane-cu-dizabilitati\/","og_site_name":"Premium Lift Distribution","article_modified_time":"2025-09-30T19:13:48+00:00","twitter_card":"summary_large_image","twitter_misc":{"Est. reading time":"2 minutes"},"schema":{"@context":"https:\/\/schema.org","@graph":[{"@type":"WebPage","@id":"https:\/\/liftul.ro\/homelifts-sisteme-lifturi-rezidentiale-pentru-casa\/","url":"https:\/\/liftul.ro\/sisteme-pentru-persoane-cu-dizabilitati\/","name":"Sistem de ridicare pentru persoane cu handicap locomotor - Premium Lift Distribution","isPartOf":{"@id":"https:\/\/liftul.ro\/#website"},"datePublished":"2025-09-17T22:22:59+00:00","dateModified":"2025-09-30T19:13:48+00:00","description":"Oferim sistem de ridicare pentru persoane cu handicap locomotor. Asiguram instalare si mentenanta pentru aceste sisteme!","breadcrumb":{"@id":"https:\/\/liftul.ro\/sisteme-pentru-persoane-cu-dizabilitati\/#breadcrumb"},"inLanguage":"en-US","potentialAction":[{"@type":"ReadAction","target":["https:\/\/liftul.ro\/sisteme-pentru-persoane-cu-dizabilitati\/"]}]},{"@type":"BreadcrumbList","@id":"https:\/\/liftul.ro\/sisteme-pentru-persoane-cu-dizabilitati\/#breadcrumb","itemListElement":[{"@type":"ListItem","position":1,"name":"Prima pagin\u0103","item":"https:\/\/liftul.ro\/"},{"@type":"ListItem","position":2,"name":"Homelifts\/Sisteme lifturi rezidentiale\/pentru casa"}]},{"@type":"WebSite","@id":"https:\/\/liftul.ro\/#website","url":"https:\/\/liftul.ro\/","name":"The Premium Elevator Company","description":"","publisher":{"@id":"https:\/\/liftul.ro\/#organization"},"potentialAction":[{"@type":"SearchAction","target":{"@type":"EntryPoint","urlTemplate":"https:\/\/liftul.ro\/?s={search_term_string}"},"query-input":{"@type":"PropertyValueSpecification","valueRequired":true,"valueName":"search_term_string"}}],"inLanguage":"en-US"},{"@type":"Organization","@id":"https:\/\/liftul.ro\/#organization","name":"The Premium Elevator Company","url":"https:\/\/liftul.ro\/","logo":{"@type":"ImageObject","inLanguage":"en-US","@id":"https:\/\/liftul.ro\/#\/schema\/logo\/image\/","url":"https:\/\/liftul.ro\/wp-content\/uploads\/2024\/01\/cropped-Logo-Mic-300x154-1.png","contentUrl":"https:\/\/liftul.ro\/wp-content\/uploads\/2024\/01\/cropped-Logo-Mic-300x154-1.png","width":300,"height":154,"caption":"Premium Lift Distribution"},"image":{"@id":"https:\/\/liftul.ro\/#\/schema\/logo\/image\/"}}]}},"_links":{"self":[{"href":"https:\/\/liftul.ro\/en\/wp-json\/wp\/v2\/pages\/988501"}],"collection":[{"href":"https:\/\/liftul.ro\/en\/wp-json\/wp\/v2\/pages"}],"about":[{"href":"https:\/\/liftul.ro\/en\/wp-json\/wp\/v2\/types\/page"}],"author":[{"embeddable":true,"href":"https:\/\/liftul.ro\/en\/wp-json\/wp\/v2\/users\/1"}],"replies":[{"embeddable":true,"href":"https:\/\/liftul.ro\/en\/wp-json\/wp\/v2\/comments?post=988501"}],"version-history":[{"count":7,"href":"https:\/\/liftul.ro\/en\/wp-json\/wp\/v2\/pages\/988501\/revisions"}],"predecessor-version":[{"id":988646,"href":"https:\/\/liftul.ro\/en\/wp-json\/wp\/v2\/pages\/988501\/revisions\/988646"}],"wp:attachment":[{"href":"https:\/\/liftul.ro\/en\/wp-json\/wp\/v2\/media?parent=988501"}],"curies":[{"name":"wp","href":"https:\/\/api.w.org\/{rel}","templated":true}]}}