{"id":987873,"date":"2024-01-09T16:27:50","date_gmt":"2024-01-09T16:27:50","guid":{"rendered":"https:\/\/liftul.fastapp.ro\/?page_id=987873"},"modified":"2026-03-04T09:41:06","modified_gmt":"2026-03-04T09:41:06","slug":"scari-rulante-si-trotuare","status":"publish","type":"page","link":"https:\/\/liftul.ro\/en\/scari-rulante-si-trotuare\/","title":{"rendered":"Scari rulante si trotuare"},"content":{"rendered":"<div class=\"vgblk-rw-wrapper limit-wrapper\">\n<h2>\n\tDe ce s\u0103 <strong>alegi sc\u0103ri rulante?<\/strong>\n\t<\/h2>\n\t<p><strong>Sc\u0103rile rulante<\/strong> reprezint\u0103 o alegere excelent\u0103 pentru proiectele ce necesit\u0103 solu\u021bii de transport vertical fiabile \u0219i elegante. Proiectate pentru a func\u021biona \u00een cele mai severe condi\u021bii, sc\u0103rile noastre rulante ofer\u0103 o performan\u021b\u0103 excep\u021bional\u0103 \u0219i siguran\u021b\u0103 \u00een exploatare.<\/p>\n<p>Accesul este controlat prin senzori de prezen\u021b\u0103, asigur\u00e2nd utilizarea sc\u0103rii rulante doar atunci c\u00e2nd este necesar, \u00een timp ce func\u021bionalitatea lor u\u0219or de \u00eentre\u021binut permite men\u021binerea str\u0103lucirii \u0219i a aspectului lor modern. Cu un design elegant \u0219i contemporan, sc\u0103rile noastre rulante sunt un element deosebit de estetic, potrivindu-se perfect \u00een orice ambient arhitectural.<\/p>\n<p>Eficien\u021ba \u0219i consumul energetic redus sunt alte avantaje majore ale sc\u0103rilor rulante Premium, contribuind la reducerea costurilor opera\u021bionale \u0219i la respectarea principiilor de sustenabilitate.<\/p>\n\t<a href=\"\/en\/contact\/\" target=\"_self\" role=\"button\" rel=\"noopener\">\n\t\t\t\t\tContact us\n\t<\/a>\n<h2>\n\tTehnologii de <strong>top<\/strong>\n\t<\/h2>\n<p><strong>Sc\u0103rile rulante<\/strong> de la Premium Lift reprezint\u0103 rezultatul integr\u0103rii celor mai noi tehnologii \u00een domeniu, asigur\u00e2nd o performan\u021b\u0103 excep\u021bional\u0103 \u0219i fiabilitate pe termen lung. Cu un accent deosebit pe siguran\u021b\u0103, acestea sunt dotate cu circuite duble de fr\u00e2nare \u0219i dispozitive de control permanent al vitezei, garant\u00e2nd c\u0103 utilizatorii beneficiaz\u0103 de o experien\u021b\u0103 sigur\u0103 \u0219i protejat\u0103. Echipate cu man\u0103 curenta sincronizat\u0103 \u0219i sisteme de lubrifiere de lung\u0103 durat\u0103, aceste sc\u0103ri rulante func\u021bioneaz\u0103 f\u0103r\u0103 probleme \u0219i necesit\u0103 \u00eentre\u021binere minim\u0103. \u00cen plus, sunt proiectate pentru a fi silen\u021bioase, cu un nivel redus de zgomot, contribuind la confortul utilizatorilor \u0219i la integrarea lor armonioas\u0103 \u00een medii variate.<\/p>\n\t<a href=\"\/en\/contact\/\" target=\"_self\" role=\"button\" rel=\"noopener\">\n\t\t\t\t\tContact us\n\t<\/a>\n<h2>\n\tContact us <b>acum<\/b>\n\t<\/h2>\n\t<p>We are here for you!<\/p>\n\t<a href=\"\/en\/contact\/\" target=\"_self\" role=\"button\" rel=\"noopener\">\n\t\t\t\t\tContact us\n\t<\/a>\n\t<h2>Request<br \/>\n<strong>a quote<\/strong><\/h2>\n<h4>\n\t+40 771 219 126\n\t<\/h4>\n\t<p>Call now!<\/p>\n<h4>\n\tdaniel.dumitrescu@liftul.ro\n\t<\/h4>\n\t<p>Write to us now!<\/p>\n<h4>\n\tWorking hours\n\t<\/h4>\n\t<p>Luni &#8211; Vineri: 8:00 &#8211; 18:00<\/p>\n<h4>\n\tLocation\n\t<\/h4>\n\t<p><a href=\"https:\/\/maps.app.goo.gl\/FbVJV1wE8fkRfN1J6\">B-dul Nicolae Grigorescu, nr. 110<\/a><\/p>\n\tNotice: JavaScript is required for this content.\n        <!-- That data is being printed as a workaround to page builders reordering the order of the scripts loaded-->\n        \n<\/div><!-- .vgblk-rw-wrapper -->","protected":false},"excerpt":{"rendered":"<p>De ce s\u0103 alegi sc\u0103ri rulante? Sc\u0103rile rulante reprezint\u0103 o alegere excelent\u0103 pentru proiectele ce necesit\u0103 solu\u021bii de transport vertical fiabile \u0219i elegante. Proiectate pentru a func\u021biona \u00een cele mai severe condi\u021bii, sc\u0103rile noastre rulante ofer\u0103 o performan\u021b\u0103 excep\u021bional\u0103 \u0219i siguran\u021b\u0103 \u00een exploatare. Accesul este controlat prin senzori de prezen\u021b\u0103, asigur\u00e2nd utilizarea sc\u0103rii rulante doar&#8230;<\/p>","protected":false},"author":1,"featured_media":0,"parent":0,"menu_order":0,"comment_status":"closed","ping_status":"closed","template":"","meta":{"inline_featured_image":false,"footnotes":""},"yoast_head":"<!-- This site is optimized with the Yoast SEO plugin v23.5 - https:\/\/yoast.com\/wordpress\/plugins\/seo\/ -->\n<title>Scari rulante si trotuare - Premium Lift Distribution<\/title>\n<meta name=\"description\" content=\"Oferim serviii de consultanta, proiectare, instalare si mentenanta pentru scari rulante. Alege scari rulante de calitate!\" \/>\n<meta name=\"robots\" content=\"index, follow, max-snippet:-1, max-image-preview:large, max-video-preview:-1\" \/>\n<link rel=\"canonical\" href=\"https:\/\/liftul.ro\/en\/scari-si-trotuare\/\" \/>\n<meta property=\"og:locale\" content=\"en_US\" \/>\n<meta property=\"og:type\" content=\"article\" \/>\n<meta property=\"og:title\" content=\"Scari rulante si trotuare - Premium Lift Distribution\" \/>\n<meta property=\"og:description\" content=\"Oferim serviii de consultanta, proiectare, instalare si mentenanta pentru scari rulante. Alege scari rulante de calitate!\" \/>\n<meta property=\"og:url\" content=\"https:\/\/liftul.ro\/en\/scari-si-trotuare\/\" \/>\n<meta property=\"og:site_name\" content=\"Premium Lift Distribution\" \/>\n<meta property=\"article:modified_time\" content=\"2026-03-04T09:41:06+00:00\" \/>\n<meta name=\"twitter:card\" content=\"summary_large_image\" \/>\n<meta name=\"twitter:label1\" content=\"Est. reading time\" \/>\n\t<meta name=\"twitter:data1\" content=\"5 minutes\" \/>\n<!-- \/ Yoast SEO plugin. -->","yoast_head_json":{"title":"Scari rulante si trotuare - Premium Lift Distribution","description":"Oferim serviii de consultanta, proiectare, instalare si mentenanta pentru scari rulante. Alege scari rulante de calitate!","robots":{"index":"index","follow":"follow","max-snippet":"max-snippet:-1","max-image-preview":"max-image-preview:large","max-video-preview":"max-video-preview:-1"},"canonical":"https:\/\/liftul.ro\/en\/scari-si-trotuare\/","og_locale":"en_US","og_type":"article","og_title":"Scari rulante si trotuare - Premium Lift Distribution","og_description":"Oferim serviii de consultanta, proiectare, instalare si mentenanta pentru scari rulante. Alege scari rulante de calitate!","og_url":"https:\/\/liftul.ro\/en\/scari-si-trotuare\/","og_site_name":"Premium Lift Distribution","article_modified_time":"2026-03-04T09:41:06+00:00","twitter_card":"summary_large_image","twitter_misc":{"Est. reading time":"5 minutes"},"schema":{"@context":"https:\/\/schema.org","@graph":[{"@type":"WebPage","@id":"https:\/\/liftul.ro\/scari-rulante-si-trotuare\/","url":"https:\/\/liftul.ro\/scari-si-trotuare\/","name":"Scari rulante si trotuare - Premium Lift Distribution","isPartOf":{"@id":"https:\/\/liftul.ro\/#website"},"datePublished":"2024-01-09T16:27:50+00:00","dateModified":"2026-03-04T09:41:06+00:00","description":"Oferim serviii de consultanta, proiectare, instalare si mentenanta pentru scari rulante. Alege scari rulante de calitate!","breadcrumb":{"@id":"https:\/\/liftul.ro\/scari-si-trotuare\/#breadcrumb"},"inLanguage":"en-US","potentialAction":[{"@type":"ReadAction","target":["https:\/\/liftul.ro\/scari-si-trotuare\/"]}]},{"@type":"BreadcrumbList","@id":"https:\/\/liftul.ro\/scari-si-trotuare\/#breadcrumb","itemListElement":[{"@type":"ListItem","position":1,"name":"Prima pagin\u0103","item":"https:\/\/liftul.ro\/"},{"@type":"ListItem","position":2,"name":"Scari rulante si trotuare"}]},{"@type":"WebSite","@id":"https:\/\/liftul.ro\/#website","url":"https:\/\/liftul.ro\/","name":"The Premium Elevator Company","description":"","publisher":{"@id":"https:\/\/liftul.ro\/#organization"},"potentialAction":[{"@type":"SearchAction","target":{"@type":"EntryPoint","urlTemplate":"https:\/\/liftul.ro\/?s={search_term_string}"},"query-input":{"@type":"PropertyValueSpecification","valueRequired":true,"valueName":"search_term_string"}}],"inLanguage":"en-US"},{"@type":"Organization","@id":"https:\/\/liftul.ro\/#organization","name":"The Premium Elevator Company","url":"https:\/\/liftul.ro\/","logo":{"@type":"ImageObject","inLanguage":"en-US","@id":"https:\/\/liftul.ro\/#\/schema\/logo\/image\/","url":"https:\/\/liftul.ro\/wp-content\/uploads\/2024\/01\/cropped-Logo-Mic-300x154-1.png","contentUrl":"https:\/\/liftul.ro\/wp-content\/uploads\/2024\/01\/cropped-Logo-Mic-300x154-1.png","width":300,"height":154,"caption":"Premium Lift Distribution"},"image":{"@id":"https:\/\/liftul.ro\/#\/schema\/logo\/image\/"}}]}},"_links":{"self":[{"href":"https:\/\/liftul.ro\/en\/wp-json\/wp\/v2\/pages\/987873"}],"collection":[{"href":"https:\/\/liftul.ro\/en\/wp-json\/wp\/v2\/pages"}],"about":[{"href":"https:\/\/liftul.ro\/en\/wp-json\/wp\/v2\/types\/page"}],"author":[{"embeddable":true,"href":"https:\/\/liftul.ro\/en\/wp-json\/wp\/v2\/users\/1"}],"replies":[{"embeddable":true,"href":"https:\/\/liftul.ro\/en\/wp-json\/wp\/v2\/comments?post=987873"}],"version-history":[{"count":11,"href":"https:\/\/liftul.ro\/en\/wp-json\/wp\/v2\/pages\/987873\/revisions"}],"predecessor-version":[{"id":988722,"href":"https:\/\/liftul.ro\/en\/wp-json\/wp\/v2\/pages\/987873\/revisions\/988722"}],"wp:attachment":[{"href":"https:\/\/liftul.ro\/en\/wp-json\/wp\/v2\/media?parent=987873"}],"curies":[{"name":"wp","href":"https:\/\/api.w.org\/{rel}","templated":true}]}}