{"id":12176,"date":"2017-04-21T10:20:39","date_gmt":"2017-04-21T10:20:39","guid":{"rendered":"https:\/\/nex.vamtam.com\/?page_id=12176"},"modified":"2026-03-04T09:36:24","modified_gmt":"2026-03-04T09:36:24","slug":"platforme-pentru-marfuri","status":"publish","type":"page","link":"https:\/\/liftul.ro\/en\/platforme-pentru-marfuri\/","title":{"rendered":"Platforme ridicare marf\u0103"},"content":{"rendered":"<div class=\"vgblk-rw-wrapper limit-wrapper\">\n<h2>\n\tWhat are <strong>material platforms?<\/strong>\n\t<\/h2>\n\t<p>Platformele pentru materiale reprezint\u0103 solu\u021bii esen\u021biale pentru eficientizarea proceselor logistice \u0219i manipularea m\u0103rfurilor \u00een diferite medii industriale. Aceste instala\u021bii de ridicat, cunoscute \u0219i sub denumirea de lifturi de marf\u0103 sau <strong>platforme de ridicare a m\u0103rfurilor<\/strong>, sunt concepute special pentru a facilita transportul \u0219i manipularea m\u0103rfurilor cu u\u0219urin\u021b\u0103 \u0219i eficien\u021b\u0103.<\/p>\n<p>Indiferent de specificul fiec\u0103rui proiect, Premium Lift ofer\u0103 o gam\u0103 variat\u0103 de solu\u021bii adaptate nevoilor tale, inclusiv platforme hidraulice de ridicat \u0219i platforme electrice de ridicat. Acestea sunt proiectate pentru a asigura o func\u021bionare fiabil\u0103 \u0219i sigur\u0103, indiferent de mediul de lucru sau de sarcina de transport.<\/p>\n<p>Cu o construc\u021bie solid\u0103 \u0219i durabil\u0103, masele de ridicat Premium Lift asigur\u0103 stabilitate \u0219i siguran\u021b\u0103 \u00een timpul opera\u021biunilor de manipulare a m\u0103rfurilor. Echipate cu sisteme avansate de siguran\u021b\u0103 \u0219i control, aceste platforme sunt solu\u021bia ideal\u0103 pentru optimizarea fluxului de lucru \u0219i maximizarea eficien\u021bei opera\u021bionale \u00een orice mediu industrial.<\/p>\n\t<a href=\"\/en\/contact\/\" target=\"_self\" role=\"button\" rel=\"noopener\">\n\t\t\t\t\tContact us\n\t<\/a>\n<h2>\n\tAvailable<br \/><strong>options<\/strong>\n\t<\/h2>\n\t<p>&nbsp;<\/p>\n<p>Platformele noastre sunt disponibile \u00een dou\u0103 variante de ac\u021bionare: electric\u0103 \u0219i hidraulic\u0103, pentru a se potrivi cu cerin\u021bele specifice ale fiec\u0103rui proiect. Indiferent de alegerea f\u0103cut\u0103, fiecare variant\u0103 este proiectat\u0103 pentru a oferi performan\u021be excelente \u0219i fiabilitate pe termen lung.<\/p>\n<p>La Premium Lift, ne str\u0103duim s\u0103 oferim flexibilitate maxim\u0103 clien\u021bilor no\u0219tri. De aceea, platformele noastre pot fi personalizate cu diverse accesorii pentru a se potrivi nevoilor unice ale fiec\u0103rui proiect. Indiferent dac\u0103 este vorba despre sisteme de siguran\u021b\u0103 suplimentare, iluminare integrat\u0103 sau alte caracteristici specifice, suntem preg\u0103ti\u021bi s\u0103 \u00eendeplinim orice cerin\u021be speciale.<\/p>\n\t<a href=\"\/en\/contact\/\" target=\"_self\" role=\"button\" rel=\"noopener\">\n\t\t\t\t\tContact us\n\t<\/a>\n<h2>\n\tContact us <b>acum<\/b>\n\t<\/h2>\n\t<p>We are here for you!<\/p>\n\t<a href=\"\/en\/contact\/\" target=\"_self\" role=\"button\" rel=\"noopener\">\n\t\t\t\t\tContact us\n\t<\/a>\n\t<h2>Request<br \/>\n<strong>a quote<\/strong><\/h2>\n<h4>\n\t+40 771 219 126\n\t<\/h4>\n\t<p>Call now!<\/p>\n<h4>\n\tdaniel.dumitrescu@liftul.ro\n\t<\/h4>\n\t<p>Write to us now!<\/p>\n<h4>\n\tWorking hours\n\t<\/h4>\n\t<p>Luni &#8211; Vineri: 8:00 &#8211; 18:00<\/p>\n<h4>\n\tLocation\n\t<\/h4>\n\t<p><a href=\"https:\/\/maps.app.goo.gl\/FbVJV1wE8fkRfN1J6\">B-dul Nicolae Grigorescu, nr. 110<\/a><\/p>\n\tNotice: JavaScript is required for this content.\n        <!-- That data is being printed as a workaround to page builders reordering the order of the scripts loaded-->\n        \n<\/div><!-- .vgblk-rw-wrapper -->","protected":false},"excerpt":{"rendered":"<p>Ce sunt platformele pentru materiale? Platformele pentru materiale reprezint\u0103 solu\u021bii esen\u021biale pentru eficientizarea proceselor logistice \u0219i manipularea m\u0103rfurilor \u00een diferite medii industriale. Aceste instala\u021bii de ridicat, cunoscute \u0219i sub denumirea de lifturi de marf\u0103 sau platforme de ridicare a m\u0103rfurilor, sunt concepute special pentru a facilita transportul \u0219i manipularea m\u0103rfurilor cu u\u0219urin\u021b\u0103 \u0219i eficien\u021b\u0103. Indiferent&#8230;<\/p>","protected":false},"author":1,"featured_media":0,"parent":0,"menu_order":0,"comment_status":"closed","ping_status":"closed","template":"","meta":{"inline_featured_image":false,"footnotes":""},"yoast_head":"<!-- This site is optimized with the Yoast SEO plugin v23.5 - https:\/\/yoast.com\/wordpress\/plugins\/seo\/ -->\n<title>Platforma Ridicare Marfa (Mese de Rridicare)- Premium Lift Distribution<\/title>\n<meta name=\"description\" content=\"Apeleaza la platforme de ridicare a marfurilor (mese de ridicare). Platforme concepute special pentru ridicarea marfurilor!\" \/>\n<meta name=\"robots\" content=\"index, follow, max-snippet:-1, max-image-preview:large, max-video-preview:-1\" \/>\n<link rel=\"canonical\" href=\"https:\/\/liftul.ro\/en\/platforme-pentru-marfuri\/\" \/>\n<meta property=\"og:locale\" content=\"en_US\" \/>\n<meta property=\"og:type\" content=\"article\" \/>\n<meta property=\"og:title\" content=\"Platforma Ridicare Marfa (Mese de Rridicare)- Premium Lift Distribution\" \/>\n<meta property=\"og:description\" content=\"Apeleaza la platforme de ridicare a marfurilor (mese de ridicare). Platforme concepute special pentru ridicarea marfurilor!\" \/>\n<meta property=\"og:url\" content=\"https:\/\/liftul.ro\/en\/platforme-pentru-marfuri\/\" \/>\n<meta property=\"og:site_name\" content=\"Premium Lift Distribution\" \/>\n<meta property=\"article:modified_time\" content=\"2026-03-04T09:36:24+00:00\" \/>\n<meta name=\"twitter:card\" content=\"summary_large_image\" \/>\n<meta name=\"twitter:label1\" content=\"Est. reading time\" \/>\n\t<meta name=\"twitter:data1\" content=\"10 minutes\" \/>\n<!-- \/ Yoast SEO plugin. -->","yoast_head_json":{"title":"Platforma Ridicare Marfa (Mese de Rridicare)- Premium Lift Distribution","description":"Apeleaza la platforme de ridicare a marfurilor (mese de ridicare). Platforme concepute special pentru ridicarea marfurilor!","robots":{"index":"index","follow":"follow","max-snippet":"max-snippet:-1","max-image-preview":"max-image-preview:large","max-video-preview":"max-video-preview:-1"},"canonical":"https:\/\/liftul.ro\/en\/platforme-pentru-marfuri\/","og_locale":"en_US","og_type":"article","og_title":"Platforma Ridicare Marfa (Mese de Rridicare)- Premium Lift Distribution","og_description":"Apeleaza la platforme de ridicare a marfurilor (mese de ridicare). Platforme concepute special pentru ridicarea marfurilor!","og_url":"https:\/\/liftul.ro\/en\/platforme-pentru-marfuri\/","og_site_name":"Premium Lift Distribution","article_modified_time":"2026-03-04T09:36:24+00:00","twitter_card":"summary_large_image","twitter_misc":{"Est. reading time":"10 minutes"},"schema":{"@context":"https:\/\/schema.org","@graph":[{"@type":"WebPage","@id":"https:\/\/liftul.ro\/platforme-pentru-marfuri\/","url":"https:\/\/liftul.ro\/platforme-pentru-marfuri\/","name":"Platforma Ridicare Marfa (Mese de Rridicare)- Premium Lift Distribution","isPartOf":{"@id":"https:\/\/liftul.ro\/#website"},"datePublished":"2017-04-21T10:20:39+00:00","dateModified":"2026-03-04T09:36:24+00:00","description":"Apeleaza la platforme de ridicare a marfurilor (mese de ridicare). Platforme concepute special pentru ridicarea marfurilor!","breadcrumb":{"@id":"https:\/\/liftul.ro\/platforme-pentru-marfuri\/#breadcrumb"},"inLanguage":"en-US","potentialAction":[{"@type":"ReadAction","target":["https:\/\/liftul.ro\/platforme-pentru-marfuri\/"]}]},{"@type":"BreadcrumbList","@id":"https:\/\/liftul.ro\/platforme-pentru-marfuri\/#breadcrumb","itemListElement":[{"@type":"ListItem","position":1,"name":"Prima pagin\u0103","item":"https:\/\/liftul.ro\/"},{"@type":"ListItem","position":2,"name":"Platforme ridicare marf\u0103"}]},{"@type":"WebSite","@id":"https:\/\/liftul.ro\/#website","url":"https:\/\/liftul.ro\/","name":"The Premium Elevator Company","description":"","publisher":{"@id":"https:\/\/liftul.ro\/#organization"},"potentialAction":[{"@type":"SearchAction","target":{"@type":"EntryPoint","urlTemplate":"https:\/\/liftul.ro\/?s={search_term_string}"},"query-input":{"@type":"PropertyValueSpecification","valueRequired":true,"valueName":"search_term_string"}}],"inLanguage":"en-US"},{"@type":"Organization","@id":"https:\/\/liftul.ro\/#organization","name":"The Premium Elevator Company","url":"https:\/\/liftul.ro\/","logo":{"@type":"ImageObject","inLanguage":"en-US","@id":"https:\/\/liftul.ro\/#\/schema\/logo\/image\/","url":"https:\/\/liftul.ro\/wp-content\/uploads\/2024\/01\/cropped-Logo-Mic-300x154-1.png","contentUrl":"https:\/\/liftul.ro\/wp-content\/uploads\/2024\/01\/cropped-Logo-Mic-300x154-1.png","width":300,"height":154,"caption":"Premium Lift Distribution"},"image":{"@id":"https:\/\/liftul.ro\/#\/schema\/logo\/image\/"}}]}},"_links":{"self":[{"href":"https:\/\/liftul.ro\/en\/wp-json\/wp\/v2\/pages\/12176"}],"collection":[{"href":"https:\/\/liftul.ro\/en\/wp-json\/wp\/v2\/pages"}],"about":[{"href":"https:\/\/liftul.ro\/en\/wp-json\/wp\/v2\/types\/page"}],"author":[{"embeddable":true,"href":"https:\/\/liftul.ro\/en\/wp-json\/wp\/v2\/users\/1"}],"replies":[{"embeddable":true,"href":"https:\/\/liftul.ro\/en\/wp-json\/wp\/v2\/comments?post=12176"}],"version-history":[{"count":11,"href":"https:\/\/liftul.ro\/en\/wp-json\/wp\/v2\/pages\/12176\/revisions"}],"predecessor-version":[{"id":988718,"href":"https:\/\/liftul.ro\/en\/wp-json\/wp\/v2\/pages\/12176\/revisions\/988718"}],"wp:attachment":[{"href":"https:\/\/liftul.ro\/en\/wp-json\/wp\/v2\/media?parent=12176"}],"curies":[{"name":"wp","href":"https:\/\/api.w.org\/{rel}","templated":true}]}}